{"id":1047,"date":"2024-08-30T19:46:55","date_gmt":"2024-08-30T19:46:55","guid":{"rendered":"https:\/\/www.boswil.com.ar\/?page_id=1047"},"modified":"2024-09-02T13:40:57","modified_gmt":"2024-09-02T13:40:57","slug":"calidad","status":"publish","type":"page","link":"https:\/\/www.boswil.com.ar\/?page_id=1047","title":{"rendered":"Calidad"},"content":{"rendered":"\n<p>En Boswil Outdoor\u00ae trabajamos constantemente para mantener siempre un elevado nivel de calidad en la fabricaci\u00f3n, terminaci\u00f3n y detalle de nuestros bolsos. Buscamos constantemente superarnos en cada paso para poder satisfacer las necesidades de todos nuestros clientes.<\/p>\n\n\n\n<p>Para lograr esto es que ponemos especial \u00e9nfasis en cada proceso de toda la l\u00ednea de producci\u00f3n. Desde la elecci\u00f3n de los proveedores hasta la entrega del producto terminado, pasando por los controles de calidad, fabricaci\u00f3n, embalaje y despacho.<\/p>\n\n\n\n<p>Contamos con una l\u00ednea de producci\u00f3n s\u00f3lida y capacitada que otorga, en cada proceso, calidad al producto final.<\/p>\n\n\n\n<p>Al ser una empresa familiar, estos procesos de producci\u00f3n y controles de calidad se hacen de manera exhaustiva prestando atenci\u00f3n al detalle en cada parte, en cada corte, en cada hilo.<\/p>\n\n\n\n<p>Gracias por elegirnos.<\/p>\n\n\n\n<p class=\"has-text-align-right\"><em>\u00abCalidad significa hacer siempre lo correcto. Incluso, cuando nadie est\u00e1 mirando\u2026\u00bb<\/em><br>Henry Ford<\/p>\n","protected":false},"excerpt":{"rendered":"<p>En Boswil Outdoor\u00ae trabajamos constantemente para mantener siempre un elevado nivel de calidad en la fabricaci\u00f3n, terminaci\u00f3n y detalle de nuestros bolsos. Buscamos constantemente superarnos en cada paso para poder satisfacer las necesidades de todos nuestros clientes. Para lograr esto es que ponemos especial \u00e9nfasis en cada proceso de toda la l\u00ednea de producci\u00f3n. Desde [&hellip;]<\/p>\n","protected":false},"author":3,"featured_media":0,"parent":0,"menu_order":0,"comment_status":"closed","ping_status":"closed","template":"","meta":{"footnotes":""},"class_list":["post-1047","page","type-page","status-publish","hentry"],"_links":{"self":[{"href":"https:\/\/www.boswil.com.ar\/index.php?rest_route=\/wp\/v2\/pages\/1047","targetHints":{"allow":["GET"]}}],"collection":[{"href":"https:\/\/www.boswil.com.ar\/index.php?rest_route=\/wp\/v2\/pages"}],"about":[{"href":"https:\/\/www.boswil.com.ar\/index.php?rest_route=\/wp\/v2\/types\/page"}],"author":[{"embeddable":true,"href":"https:\/\/www.boswil.com.ar\/index.php?rest_route=\/wp\/v2\/users\/3"}],"replies":[{"embeddable":true,"href":"https:\/\/www.boswil.com.ar\/index.php?rest_route=%2Fwp%2Fv2%2Fcomments&post=1047"}],"version-history":[{"count":4,"href":"https:\/\/www.boswil.com.ar\/index.php?rest_route=\/wp\/v2\/pages\/1047\/revisions"}],"predecessor-version":[{"id":1054,"href":"https:\/\/www.boswil.com.ar\/index.php?rest_route=\/wp\/v2\/pages\/1047\/revisions\/1054"}],"wp:attachment":[{"href":"https:\/\/www.boswil.com.ar\/index.php?rest_route=%2Fwp%2Fv2%2Fmedia&parent=1047"}],"curies":[{"name":"wp","href":"https:\/\/api.w.org\/{rel}","templated":true}]}}