{"id":218,"date":"2020-11-30T23:58:29","date_gmt":"2020-11-30T23:58:29","guid":{"rendered":"https:\/\/www.boswil.com.ar\/?page_id=218"},"modified":"2025-07-10T12:21:07","modified_gmt":"2025-07-10T12:21:07","slug":"termino-y-condiciones","status":"publish","type":"page","link":"https:\/\/www.boswil.com.ar\/?page_id=218","title":{"rendered":"C\u00f3mo comprar"},"content":{"rendered":"\n<p><strong>Ventas por mayor y minorista:<\/strong><\/p>\n\n\n\n<p>Hacemos ventas por menor y por mayor. Atendemos a armerias, airsoft, casas de pesca y comercios del rubro en todo el pa\u00eds. <br>Si tu compra es minorista y para una mayor facilidad de compra te recomendamos que te acerques a la armeria de tu zona para conocer los productos Boswil personalmente, de lo contrario podes comunicarte al 113-204-1118 y te asesoramos en todo el proceso de compra.<\/p>\n\n\n\n<p>Si tu inter\u00e9s es por compras mayoristas comunicate directamente por whatsapp al 113-204-1118 te enviaremos toda la informaci\u00f3n necesaria.<\/p>\n\n\n\n<hr class=\"wp-block-separator has-css-opacity\"\/>\n\n\n\n<p><strong>Env\u00edos:<\/strong><\/p>\n\n\n\n<p>Realizamos env\u00edos a todo el pa\u00eds mediante correos privados y empresas de env\u00edos tipo expreso (Send Box, Buspack, MD Cargas o similar seg\u00fan la disponibilidad). <br>Si estas dentro del AMBA tambien ofrecemos env\u00edos por motomensajer\u00eda.<br>EMPRESAS QUE NO UTILIZAMOS:  CREDIFIN, OCA, CORREO ARGENTINO y ANDREANI.<br>Los env\u00edos son a cargo y por cuenta del cliente con pago en destino, sin excepci\u00f3n.<br>Por pol\u00edticas propias de las empresas transportistas todos los reclamos (por roturas, p\u00e9rdida de mercader\u00eda, etc) deben ser iniciados por el cliente, Boswil Outdoor\u00ae no se hace responsable por p\u00e9rdidas, roturas o extrav\u00edos de mercader\u00edas.<br>Los env\u00edos a Tierra del Fuego tienen aranceles diferentes al resto de las provincias, consulte antes de comprar. Generalmente todos los env\u00edos cuentan con seguro obligatorio incluido en el costo de env\u00edo.<br>Si necesita una factura por el env\u00edo, deber\u00e1 solicitarla en la empresa de transportes.<br>Estas condiciones y pol\u00edticas son ajenas a Boswil Outdoor\u00ae, por lo tanto es responsabilidad de la empresa transportista de que el env\u00edo llegue a destino en tiempo y forma, y no de Boswil Outdoor\u00ae. <br>Los tiempos de llegada de las encomiendas var\u00edan desde las 24 hs. hasta los 15 d\u00edas dependiendo de la empresa, destino y dem\u00e1s variables propias de las empresas transportistas.<br>Una vez despachado el pedido se le enviar\u00e1 una copia electr\u00f3nica el comprobante emitido por la empresa transportista.<br>Ante cualquier duda, consulte con la empresa transportista mediante los tel\u00e9fonos y\/o email indicados en el comprobante.<br>Antes de realizar una compra y efectuar cualquier tipo de pago recuerde consultar sobre el stock disponible, colores, talles, modelos y\/o variantes sobre el art\u00edculo que quiere comprar.<br><br>ACLARACI\u00d3N IMPORTANTE:<\/p>\n\n\n\n<p><\/p>\n\n\n\n<ul class=\"wp-block-list\">\n<li>No se reserva mercader\u00eda bajo ning\u00fan concepto.<\/li>\n\n\n\n<li>Los env\u00edos se realizan UNICAMENTE cuando se haya acreditado el pago, NO ANTES. <\/li>\n\n\n\n<li>Los env\u00edos se realizan entre las 24 y 48hs posteriores a la acreditaci\u00f3n del pago.<\/li>\n\n\n\n<li>La elecci\u00f3n de la empresa transportista queda sujeta a la zona de residencia del cliente ya que no todas cubren todas las zonas del pa\u00eds.<br><br><br><\/li>\n<\/ul>\n\n\n\n<p>Datos necesarios para solicitar un env\u00edo:<\/p>\n\n\n\n<ul class=\"wp-block-list\">\n<li>Nombre completo y dni de quien recibe o retira el pedido.<\/li>\n\n\n\n<li>Localidad y codigo postal.<\/li>\n\n\n\n<li>En caso de solicitar env\u00edo a domicilio, domicilio completo.<\/li>\n\n\n\n<li>Tel\u00e9fono<\/li>\n\n\n\n<li>Indicar empresa de preferencia y modalidad (a sucursal o domicilio).<\/li>\n<\/ul>\n","protected":false},"excerpt":{"rendered":"<p>Ventas por mayor y minorista: Hacemos ventas por menor y por mayor. Atendemos a armerias, airsoft, casas de pesca y comercios del rubro en todo el pa\u00eds. Si tu compra es minorista y para una mayor facilidad de compra te recomendamos que te acerques a la armeria de tu zona para conocer los productos Boswil [&hellip;]<\/p>\n","protected":false},"author":3,"featured_media":0,"parent":0,"menu_order":0,"comment_status":"closed","ping_status":"closed","template":"","meta":{"footnotes":""},"class_list":["post-218","page","type-page","status-publish","hentry"],"_links":{"self":[{"href":"https:\/\/www.boswil.com.ar\/index.php?rest_route=\/wp\/v2\/pages\/218","targetHints":{"allow":["GET"]}}],"collection":[{"href":"https:\/\/www.boswil.com.ar\/index.php?rest_route=\/wp\/v2\/pages"}],"about":[{"href":"https:\/\/www.boswil.com.ar\/index.php?rest_route=\/wp\/v2\/types\/page"}],"author":[{"embeddable":true,"href":"https:\/\/www.boswil.com.ar\/index.php?rest_route=\/wp\/v2\/users\/3"}],"replies":[{"embeddable":true,"href":"https:\/\/www.boswil.com.ar\/index.php?rest_route=%2Fwp%2Fv2%2Fcomments&post=218"}],"version-history":[{"count":29,"href":"https:\/\/www.boswil.com.ar\/index.php?rest_route=\/wp\/v2\/pages\/218\/revisions"}],"predecessor-version":[{"id":1218,"href":"https:\/\/www.boswil.com.ar\/index.php?rest_route=\/wp\/v2\/pages\/218\/revisions\/1218"}],"wp:attachment":[{"href":"https:\/\/www.boswil.com.ar\/index.php?rest_route=%2Fwp%2Fv2%2Fmedia&parent=218"}],"curies":[{"name":"wp","href":"https:\/\/api.w.org\/{rel}","templated":true}]}}