{"id":3,"date":"2020-06-11T16:25:52","date_gmt":"2020-06-11T16:25:52","guid":{"rendered":"http:\/\/www.boswil.com.ar\/?page_id=3"},"modified":"2025-07-10T12:41:15","modified_gmt":"2025-07-10T12:41:15","slug":"privacy-policy","status":"publish","type":"page","link":"https:\/\/www.boswil.com.ar\/?page_id=3","title":{"rendered":"Sobre Boswil"},"content":{"rendered":"\n<h2 class=\"wp-block-heading\"><\/h2>\n\n\n\n<p>Boswil Outdoor \u00ae nacio en 2016 como un proyecto de fabricaci\u00f3n de fundas y estuches para armas, pero no fue hasta el a\u00f1o siguiente que empezamos a producir.<br>Con el correr del tiempo fuimos agregando diferentes modelos a la linea de producci\u00f3n y hoy contamos con una fabricaci\u00f3n propia de mas de 30 modelos de bolsos. Tambien fabricamos para terceros con diferentes marcas, siempre manteniendo como premisa principal la alta calidad de terminaci\u00f3n en cada producto fabricado.<\/p>\n\n\n\n<p>Nuestra calidad ya es conocida, y reconocida, por su alta durabilidad y resistencia que ya fue probada y demostrada con el uso intensivo de nuestros bolsos por los deportistas mas exigentes a nivel nacional e internacional. Es por eso que somos l\u00edderes en el mercado y trabajamos d\u00eda a d\u00eda para superarnos contantemente y ofrecerle a nuestros clientes siempre lo mejor.<\/p>\n\n\n\n<p>Boswil Outdoor\u00ae es una marca registrada. Tambi\u00e9n est\u00e1n registrados los productos que se publican en este sitio, sus logos, art\u00edculos, etc. Todo el contenido publicado (textos y\/o multimedia) en este sitio www.boswil.com.ar y las redes sociales de Boswil Outdoor\u00ae son propiedad de Boswil Outdoor\u00ae y estan protegidos por la Ley de Marcas 22.362\u00a0 <br>En aquellos casos en donde se publique contenido de otros autores se citar\u00e1 a los mismos, previo pedido de autorizaci\u00f3n.<br><br>Boswil Outdoor\u00ae no vende armas de fuego, municiones ni materiales controlados por RENAR. Las im\u00e1genes de armas de fuego y\/o municiones que aparecen en el sitio y las redes sociales son solamente ilustrativas y demostrativas para ejemplificar el uso de los productos que comercializamos. Las armas pertenecen a sus due\u00f1os y cumplen con todos los requisitos, disposiciones y autorizaciones vigentes de RENAR.<\/p>\n","protected":false},"excerpt":{"rendered":"<p>Boswil Outdoor \u00ae nacio en 2016 como un proyecto de fabricaci\u00f3n de fundas y estuches para armas, pero no fue hasta el a\u00f1o siguiente que empezamos a producir.Con el correr del tiempo fuimos agregando diferentes modelos a la linea de producci\u00f3n y hoy contamos con una fabricaci\u00f3n propia de mas de 30 modelos de bolsos. [&hellip;]<\/p>\n","protected":false},"author":3,"featured_media":0,"parent":0,"menu_order":0,"comment_status":"closed","ping_status":"open","template":"","meta":{"footnotes":""},"class_list":["post-3","page","type-page","status-publish","hentry"],"_links":{"self":[{"href":"https:\/\/www.boswil.com.ar\/index.php?rest_route=\/wp\/v2\/pages\/3","targetHints":{"allow":["GET"]}}],"collection":[{"href":"https:\/\/www.boswil.com.ar\/index.php?rest_route=\/wp\/v2\/pages"}],"about":[{"href":"https:\/\/www.boswil.com.ar\/index.php?rest_route=\/wp\/v2\/types\/page"}],"author":[{"embeddable":true,"href":"https:\/\/www.boswil.com.ar\/index.php?rest_route=\/wp\/v2\/users\/3"}],"replies":[{"embeddable":true,"href":"https:\/\/www.boswil.com.ar\/index.php?rest_route=%2Fwp%2Fv2%2Fcomments&post=3"}],"version-history":[{"count":10,"href":"https:\/\/www.boswil.com.ar\/index.php?rest_route=\/wp\/v2\/pages\/3\/revisions"}],"predecessor-version":[{"id":1232,"href":"https:\/\/www.boswil.com.ar\/index.php?rest_route=\/wp\/v2\/pages\/3\/revisions\/1232"}],"wp:attachment":[{"href":"https:\/\/www.boswil.com.ar\/index.php?rest_route=%2Fwp%2Fv2%2Fmedia&parent=3"}],"curies":[{"name":"wp","href":"https:\/\/api.w.org\/{rel}","templated":true}]}}