{"id":1028,"date":"2024-08-29T22:12:41","date_gmt":"2024-08-29T22:12:41","guid":{"rendered":"https:\/\/www.boswil.com.ar\/?post_type=product&#038;p=1028"},"modified":"2025-07-14T16:47:37","modified_gmt":"2025-07-14T16:47:37","slug":"multiuso","status":"publish","type":"product","link":"https:\/\/www.boswil.com.ar\/?product=multiuso","title":{"rendered":"Multiuso"},"content":{"rendered":"<p>Bolso multiprop\u00f3sito para usos generales.<br \/>\nEst\u00e1 dise\u00f1ado para ser \u00fatil en cualquier rubro u oficio. <\/p>\n<p>Ejemplos y posibilidades de uso: <\/p>\n<p>Rojo: Botiqu\u00edn \/ IFAK, personal m\u00e9dico, visitadores, primeros respondientes, primeros auxilios, personal de emergencias, ambulancias, etc.<\/p>\n<p>Verde oliva \/ Coyote: Porta herramientas o elementos tipo EDC, porta valores o armas, equipos de medici\u00f3n electr\u00f3nicos y\/o mec\u00e1nicos que necesiten protecci\u00f3n anti impactos, herramientas de mano o el\u00e9ctricas de peque\u00f1o porte, etc.<\/p>\n<p>Este bolso ofrece protecci\u00f3n contra impactos de grado medio, sistema modular molle, manija de gran resistencia con bandas inferiores para soportar grandes esfuerzos, dos bolsillos laterales externos y cinco internos.<\/p>\n","protected":false},"excerpt":{"rendered":"<p>Colores disponibles: Rojo, coyote, verde oliva, negro, gris<\/p>\n<p><\/p>\n<p>Industria Argentinas.<\/p>\n","protected":false},"featured_media":1043,"comment_status":"closed","ping_status":"closed","template":"","meta":[],"product_brand":[],"product_cat":[118],"product_tag":[],"class_list":{"0":"post-1028","1":"product","2":"type-product","3":"status-publish","4":"has-post-thumbnail","6":"product_cat-multiuso","8":"first","9":"instock","10":"shipping-taxable","11":"product-type-simple"},"_links":{"self":[{"href":"https:\/\/www.boswil.com.ar\/index.php?rest_route=\/wp\/v2\/product\/1028","targetHints":{"allow":["GET"]}}],"collection":[{"href":"https:\/\/www.boswil.com.ar\/index.php?rest_route=\/wp\/v2\/product"}],"about":[{"href":"https:\/\/www.boswil.com.ar\/index.php?rest_route=\/wp\/v2\/types\/product"}],"replies":[{"embeddable":true,"href":"https:\/\/www.boswil.com.ar\/index.php?rest_route=%2Fwp%2Fv2%2Fcomments&post=1028"}],"wp:featuredmedia":[{"embeddable":true,"href":"https:\/\/www.boswil.com.ar\/index.php?rest_route=\/wp\/v2\/media\/1043"}],"wp:attachment":[{"href":"https:\/\/www.boswil.com.ar\/index.php?rest_route=%2Fwp%2Fv2%2Fmedia&parent=1028"}],"wp:term":[{"taxonomy":"product_brand","embeddable":true,"href":"https:\/\/www.boswil.com.ar\/index.php?rest_route=%2Fwp%2Fv2%2Fproduct_brand&post=1028"},{"taxonomy":"product_cat","embeddable":true,"href":"https:\/\/www.boswil.com.ar\/index.php?rest_route=%2Fwp%2Fv2%2Fproduct_cat&post=1028"},{"taxonomy":"product_tag","embeddable":true,"href":"https:\/\/www.boswil.com.ar\/index.php?rest_route=%2Fwp%2Fv2%2Fproduct_tag&post=1028"}],"curies":[{"name":"wp","href":"https:\/\/api.w.org\/{rel}","templated":true}]}}