{"id":1100,"date":"2024-09-24T16:50:10","date_gmt":"2024-09-24T16:50:10","guid":{"rendered":"https:\/\/www.boswil.com.ar\/?post_type=product&#038;p=1100"},"modified":"2025-07-14T16:46:27","modified_gmt":"2025-07-14T16:46:27","slug":"rinonera","status":"publish","type":"product","link":"https:\/\/www.boswil.com.ar\/?product=rinonera","title":{"rendered":"Ri\u00f1onera"},"content":{"rendered":"<p>Ri\u00f1onera de portaci\u00f3n o transporte de armas cortas. Totalmente ambidiestra. Sujeci\u00f3n del arma con el\u00e1sticos para extracci\u00f3n f\u00e1cil y r\u00e1pida.<br \/>\nIncluye portacargadores en su interior. Dos bolsillos externos, uno oculto. Velcro para parches y paneles molle laterales.<\/p>\n","protected":false},"excerpt":{"rendered":"<p>Solo disponible en color negro.<\/p>\n<p><\/p>\n<p>Industria Argentina.<\/p>\n","protected":false},"featured_media":1103,"comment_status":"closed","ping_status":"closed","template":"","meta":[],"product_brand":[],"product_cat":[118],"product_tag":[],"class_list":{"0":"post-1100","1":"product","2":"type-product","3":"status-publish","4":"has-post-thumbnail","6":"product_cat-multiuso","8":"first","9":"instock","10":"shipping-taxable","11":"product-type-simple"},"_links":{"self":[{"href":"https:\/\/www.boswil.com.ar\/index.php?rest_route=\/wp\/v2\/product\/1100","targetHints":{"allow":["GET"]}}],"collection":[{"href":"https:\/\/www.boswil.com.ar\/index.php?rest_route=\/wp\/v2\/product"}],"about":[{"href":"https:\/\/www.boswil.com.ar\/index.php?rest_route=\/wp\/v2\/types\/product"}],"replies":[{"embeddable":true,"href":"https:\/\/www.boswil.com.ar\/index.php?rest_route=%2Fwp%2Fv2%2Fcomments&post=1100"}],"wp:featuredmedia":[{"embeddable":true,"href":"https:\/\/www.boswil.com.ar\/index.php?rest_route=\/wp\/v2\/media\/1103"}],"wp:attachment":[{"href":"https:\/\/www.boswil.com.ar\/index.php?rest_route=%2Fwp%2Fv2%2Fmedia&parent=1100"}],"wp:term":[{"taxonomy":"product_brand","embeddable":true,"href":"https:\/\/www.boswil.com.ar\/index.php?rest_route=%2Fwp%2Fv2%2Fproduct_brand&post=1100"},{"taxonomy":"product_cat","embeddable":true,"href":"https:\/\/www.boswil.com.ar\/index.php?rest_route=%2Fwp%2Fv2%2Fproduct_cat&post=1100"},{"taxonomy":"product_tag","embeddable":true,"href":"https:\/\/www.boswil.com.ar\/index.php?rest_route=%2Fwp%2Fv2%2Fproduct_tag&post=1100"}],"curies":[{"name":"wp","href":"https:\/\/api.w.org\/{rel}","templated":true}]}}