{"id":1234,"date":"2025-07-10T13:24:54","date_gmt":"2025-07-10T13:24:54","guid":{"rendered":"https:\/\/www.boswil.com.ar\/?post_type=product&#038;p=1234"},"modified":"2025-07-14T16:36:18","modified_gmt":"2025-07-14T16:36:18","slug":"pouch-edc-vertical","status":"publish","type":"product","link":"https:\/\/www.boswil.com.ar\/?product=pouch-edc-vertical","title":{"rendered":"Pouch EDC vertical"},"content":{"rendered":"<p>Pouch tipo EDC de dise\u00f1o vertical, con multiples divisiones de el\u00e1sticos y bolsillos internos. Panel molle en la parte posterior con capacidad para adosar a otro bolso o al cintur\u00f3n.<\/p>\n<p>1 bolsillo externo.<br \/>\n2 bolsillos internos + 18 divisiones de el\u00e1sticos<\/p>\n<p>Ideal para tu equipo diario. Disponible en varios colores para que puedas elegir el que mas se ajusta a tus necesidades.<\/p>\n","protected":false},"excerpt":{"rendered":"<p>Colores disponibles: Coyote, gris, negro, verde oliva.<\/p>\n<p><\/p>\n<p>Industria Argentina<\/p>\n","protected":false},"featured_media":1242,"comment_status":"closed","ping_status":"closed","template":"","meta":[],"product_brand":[],"product_cat":[118],"product_tag":[],"class_list":{"0":"post-1234","1":"product","2":"type-product","3":"status-publish","4":"has-post-thumbnail","6":"product_cat-multiuso","8":"first","9":"instock","10":"shipping-taxable","11":"product-type-simple"},"_links":{"self":[{"href":"https:\/\/www.boswil.com.ar\/index.php?rest_route=\/wp\/v2\/product\/1234","targetHints":{"allow":["GET"]}}],"collection":[{"href":"https:\/\/www.boswil.com.ar\/index.php?rest_route=\/wp\/v2\/product"}],"about":[{"href":"https:\/\/www.boswil.com.ar\/index.php?rest_route=\/wp\/v2\/types\/product"}],"replies":[{"embeddable":true,"href":"https:\/\/www.boswil.com.ar\/index.php?rest_route=%2Fwp%2Fv2%2Fcomments&post=1234"}],"wp:featuredmedia":[{"embeddable":true,"href":"https:\/\/www.boswil.com.ar\/index.php?rest_route=\/wp\/v2\/media\/1242"}],"wp:attachment":[{"href":"https:\/\/www.boswil.com.ar\/index.php?rest_route=%2Fwp%2Fv2%2Fmedia&parent=1234"}],"wp:term":[{"taxonomy":"product_brand","embeddable":true,"href":"https:\/\/www.boswil.com.ar\/index.php?rest_route=%2Fwp%2Fv2%2Fproduct_brand&post=1234"},{"taxonomy":"product_cat","embeddable":true,"href":"https:\/\/www.boswil.com.ar\/index.php?rest_route=%2Fwp%2Fv2%2Fproduct_cat&post=1234"},{"taxonomy":"product_tag","embeddable":true,"href":"https:\/\/www.boswil.com.ar\/index.php?rest_route=%2Fwp%2Fv2%2Fproduct_tag&post=1234"}],"curies":[{"name":"wp","href":"https:\/\/api.w.org\/{rel}","templated":true}]}}