{"id":1318,"date":"2025-07-14T19:09:12","date_gmt":"2025-07-14T19:09:12","guid":{"rendered":"https:\/\/www.boswil.com.ar\/?post_type=product&#038;p=1318"},"modified":"2025-07-14T19:14:42","modified_gmt":"2025-07-14T19:14:42","slug":"mini-range-bag-trauma","status":"publish","type":"product","link":"https:\/\/www.boswil.com.ar\/?product=mini-range-bag-trauma","title":{"rendered":"Mini Range Bag Trauma"},"content":{"rendered":"<p>Este bolso de transporte es ideal para el uso diario de profesionales de la salud, emergencias y atenci\u00f3n de primeros auxilios.<br \/>\nSu tama\u00f1o compacto pero de gran capacidad y resistencia lo hacen el compa\u00f1ero perfecto para todo tipo de situaciones.<br \/>\nSu dise\u00f1o moderno y vers\u00e1til permite que sea apto para todo tipo de usos.<br \/>\nIncluye un sobre al tono, con cierre.<br \/>\nEl Mini Range Bag cuenta con protecci\u00f3n anti impactos, aislaci\u00f3n t\u00e9rmica, gran capacidad interior y variados bolsillos con redes, el\u00e1sticos y hebillas para poder guardar todo el equipo necesario en cada actividad.<\/p>\n","protected":false},"excerpt":{"rendered":"<p>Colores: negro, verde oliva, rojo, gris, coyote, azul + 4 combinaciones<\/p>\n<p><\/p>\n<p>Industria Argentina<\/p>\n","protected":false},"featured_media":1191,"comment_status":"closed","ping_status":"closed","template":"","meta":[],"product_brand":[],"product_cat":[117],"product_tag":[],"class_list":{"0":"post-1318","1":"product","2":"type-product","3":"status-publish","4":"has-post-thumbnail","6":"product_cat-botiquines","8":"first","9":"instock","10":"shipping-taxable","11":"product-type-simple"},"_links":{"self":[{"href":"https:\/\/www.boswil.com.ar\/index.php?rest_route=\/wp\/v2\/product\/1318","targetHints":{"allow":["GET"]}}],"collection":[{"href":"https:\/\/www.boswil.com.ar\/index.php?rest_route=\/wp\/v2\/product"}],"about":[{"href":"https:\/\/www.boswil.com.ar\/index.php?rest_route=\/wp\/v2\/types\/product"}],"replies":[{"embeddable":true,"href":"https:\/\/www.boswil.com.ar\/index.php?rest_route=%2Fwp%2Fv2%2Fcomments&post=1318"}],"wp:featuredmedia":[{"embeddable":true,"href":"https:\/\/www.boswil.com.ar\/index.php?rest_route=\/wp\/v2\/media\/1191"}],"wp:attachment":[{"href":"https:\/\/www.boswil.com.ar\/index.php?rest_route=%2Fwp%2Fv2%2Fmedia&parent=1318"}],"wp:term":[{"taxonomy":"product_brand","embeddable":true,"href":"https:\/\/www.boswil.com.ar\/index.php?rest_route=%2Fwp%2Fv2%2Fproduct_brand&post=1318"},{"taxonomy":"product_cat","embeddable":true,"href":"https:\/\/www.boswil.com.ar\/index.php?rest_route=%2Fwp%2Fv2%2Fproduct_cat&post=1318"},{"taxonomy":"product_tag","embeddable":true,"href":"https:\/\/www.boswil.com.ar\/index.php?rest_route=%2Fwp%2Fv2%2Fproduct_tag&post=1318"}],"curies":[{"name":"wp","href":"https:\/\/api.w.org\/{rel}","templated":true}]}}