{"id":132,"date":"2020-06-22T19:50:50","date_gmt":"2020-06-22T19:50:50","guid":{"rendered":"http:\/\/www.boswil.com.ar\/?post_type=product&#038;p=132"},"modified":"2025-10-30T15:28:43","modified_gmt":"2025-10-30T15:28:43","slug":"bolso-para-arma-corta","status":"publish","type":"product","link":"https:\/\/www.boswil.com.ar\/?product=bolso-para-arma-corta","title":{"rendered":"Bolso para arma corta"},"content":{"rendered":"<p>Bolso para arma corta: Pistola o rev\u00f3lver con 5 porta cargadores o speed loaders.<\/p>\n<p>Este bolso de estilo malet\u00edn cuenta con un bolsillo interno para documentaci\u00f3n o accesorios con cierre y otro bolsillo para el arma con cierre el\u00e1stico.<br \/>\nRelleno con placas de poliuretano de alta densidad y celdas de estructura cerrada, lo hacen el \u00fanico bolso para armas con este grado de protecci\u00f3n apto para asegurar no solo el arma sino tambi\u00e9n los aparatos de punter\u00eda.<\/p>\n<p>Impermeable, flexible, de gran resistencia y probado en los terrenos y condiciones mas exigentes.<\/p>\n<p>&nbsp;<\/p>\n","protected":false},"excerpt":{"rendered":"<p>Colores disponibles: Negro, verde oliva, gris, rojo, coyote, azul.<\/p>\n<p><\/p>\n<p>Industria Argentina<\/p>\n","protected":false},"featured_media":944,"comment_status":"closed","ping_status":"closed","template":"","meta":[],"product_brand":[],"product_cat":[116],"product_tag":[],"class_list":{"0":"post-132","1":"product","2":"type-product","3":"status-publish","4":"has-post-thumbnail","6":"product_cat-cortasylargas","8":"first","9":"instock","10":"shipping-taxable","11":"product-type-simple"},"_links":{"self":[{"href":"https:\/\/www.boswil.com.ar\/index.php?rest_route=\/wp\/v2\/product\/132","targetHints":{"allow":["GET"]}}],"collection":[{"href":"https:\/\/www.boswil.com.ar\/index.php?rest_route=\/wp\/v2\/product"}],"about":[{"href":"https:\/\/www.boswil.com.ar\/index.php?rest_route=\/wp\/v2\/types\/product"}],"replies":[{"embeddable":true,"href":"https:\/\/www.boswil.com.ar\/index.php?rest_route=%2Fwp%2Fv2%2Fcomments&post=132"}],"wp:featuredmedia":[{"embeddable":true,"href":"https:\/\/www.boswil.com.ar\/index.php?rest_route=\/wp\/v2\/media\/944"}],"wp:attachment":[{"href":"https:\/\/www.boswil.com.ar\/index.php?rest_route=%2Fwp%2Fv2%2Fmedia&parent=132"}],"wp:term":[{"taxonomy":"product_brand","embeddable":true,"href":"https:\/\/www.boswil.com.ar\/index.php?rest_route=%2Fwp%2Fv2%2Fproduct_brand&post=132"},{"taxonomy":"product_cat","embeddable":true,"href":"https:\/\/www.boswil.com.ar\/index.php?rest_route=%2Fwp%2Fv2%2Fproduct_cat&post=132"},{"taxonomy":"product_tag","embeddable":true,"href":"https:\/\/www.boswil.com.ar\/index.php?rest_route=%2Fwp%2Fv2%2Fproduct_tag&post=132"}],"curies":[{"name":"wp","href":"https:\/\/api.w.org\/{rel}","templated":true}]}}