{"id":1325,"date":"2025-07-14T19:17:23","date_gmt":"2025-07-14T19:17:23","guid":{"rendered":"https:\/\/www.boswil.com.ar\/?post_type=product&#038;p=1325"},"modified":"2025-07-14T19:23:55","modified_gmt":"2025-07-14T19:23:55","slug":"range-bag-trauma","status":"publish","type":"product","link":"https:\/\/www.boswil.com.ar\/?product=range-bag-trauma","title":{"rendered":"Range Bag Trauma"},"content":{"rendered":"<p>El Range Bag es actualmente nuestro bolso de mayor tama\u00f1o. Con sus 30 litros de capacidad (sin incluir los bolsillos) hace que sea apto para todo tipo de uso en diferentes actividades y disciplinas.<br \/>\nApto para enfermeros y paramedicos tanto de medicina humana como veterinaria<br \/>\nVariedad de colores para cada \u00e1rea y profesi\u00f3n.<\/p>\n<p>Est\u00e1 confeccionado en cordura impermeable, con relleno semi r\u00edgido que le proporciona no solo rigidez estructural sino tambi\u00e9n aislaci\u00f3n t\u00e9rmica.<\/p>\n<p>Es un bolso de gran capacidad y versatilidad de usos. Con multiples divisiones y compartimentos para llevar cargas pesadas.<\/p>\n<p>Incluye panel molle de corte laser.<\/p>\n<p>3 bolsillos externos + 4 internos<br \/>\nEl\u00e1sticos porta objetos.<\/p>\n<p>Medidas externas: 47x30x29cm<br \/>\nMedidas internas: 46x20x27<\/p>\n<p><iframe loading=\"lazy\" title=\"Bolso Range Bag\" width=\"640\" height=\"360\" src=\"https:\/\/www.youtube.com\/embed\/AA-yUvvhI3c?feature=oembed\" frameborder=\"0\" allow=\"accelerometer; autoplay; clipboard-write; encrypted-media; gyroscope; picture-in-picture; web-share\" referrerpolicy=\"strict-origin-when-cross-origin\" allowfullscreen><\/iframe><\/p>\n<p>&nbsp;<\/p>\n","protected":false},"excerpt":{"rendered":"<p>Colores disponibles: Negro, gris, coyote, rojo, verde oliva<\/p>\n<p><\/p>\n<p>Industria Argentina<\/p>\n","protected":false},"featured_media":928,"comment_status":"closed","ping_status":"closed","template":"","meta":[],"product_brand":[],"product_cat":[117],"product_tag":[],"class_list":{"0":"post-1325","1":"product","2":"type-product","3":"status-publish","4":"has-post-thumbnail","6":"product_cat-botiquines","8":"first","9":"instock","10":"shipping-taxable","11":"product-type-simple"},"_links":{"self":[{"href":"https:\/\/www.boswil.com.ar\/index.php?rest_route=\/wp\/v2\/product\/1325","targetHints":{"allow":["GET"]}}],"collection":[{"href":"https:\/\/www.boswil.com.ar\/index.php?rest_route=\/wp\/v2\/product"}],"about":[{"href":"https:\/\/www.boswil.com.ar\/index.php?rest_route=\/wp\/v2\/types\/product"}],"replies":[{"embeddable":true,"href":"https:\/\/www.boswil.com.ar\/index.php?rest_route=%2Fwp%2Fv2%2Fcomments&post=1325"}],"wp:featuredmedia":[{"embeddable":true,"href":"https:\/\/www.boswil.com.ar\/index.php?rest_route=\/wp\/v2\/media\/928"}],"wp:attachment":[{"href":"https:\/\/www.boswil.com.ar\/index.php?rest_route=%2Fwp%2Fv2%2Fmedia&parent=1325"}],"wp:term":[{"taxonomy":"product_brand","embeddable":true,"href":"https:\/\/www.boswil.com.ar\/index.php?rest_route=%2Fwp%2Fv2%2Fproduct_brand&post=1325"},{"taxonomy":"product_cat","embeddable":true,"href":"https:\/\/www.boswil.com.ar\/index.php?rest_route=%2Fwp%2Fv2%2Fproduct_cat&post=1325"},{"taxonomy":"product_tag","embeddable":true,"href":"https:\/\/www.boswil.com.ar\/index.php?rest_route=%2Fwp%2Fv2%2Fproduct_tag&post=1325"}],"curies":[{"name":"wp","href":"https:\/\/api.w.org\/{rel}","templated":true}]}}