{"id":158,"date":"2020-06-22T20:38:16","date_gmt":"2020-06-22T20:38:16","guid":{"rendered":"http:\/\/www.boswil.com.ar\/?post_type=product&#038;p=158"},"modified":"2025-07-14T17:10:12","modified_gmt":"2025-07-14T17:10:12","slug":"cinturon-tactico","status":"publish","type":"product","link":"https:\/\/www.boswil.com.ar\/?product=cinturon-tactico","title":{"rendered":"Cintur\u00f3n t\u00e1ctico"},"content":{"rendered":"<p>Cinturones t\u00e1cticos regulables<\/p>\n<p>Ancho: 40 mm<\/p>\n<p>Talles: L (hasta 95cm aprox), XL (hasta 115 cm aprox), XXL (hasta 125 cm aprox)<\/p>\n<p>Aptos para uniformes<\/p>\n<p>Modelos NATO y Security<\/p>\n<p>Aptos para porte de armas y accesorios<\/p>\n","protected":false},"excerpt":{"rendered":"<p>Colores disponibles: Negro y verde oliva<\/p>\n<p><\/p>\n<p>Industria Argentina<\/p>\n","protected":false},"featured_media":161,"comment_status":"closed","ping_status":"closed","template":"","meta":[],"product_brand":[],"product_cat":[119],"product_tag":[],"class_list":{"0":"post-158","1":"product","2":"type-product","3":"status-publish","4":"has-post-thumbnail","6":"product_cat-indumentaria","8":"first","9":"instock","10":"shipping-taxable","11":"product-type-simple"},"_links":{"self":[{"href":"https:\/\/www.boswil.com.ar\/index.php?rest_route=\/wp\/v2\/product\/158","targetHints":{"allow":["GET"]}}],"collection":[{"href":"https:\/\/www.boswil.com.ar\/index.php?rest_route=\/wp\/v2\/product"}],"about":[{"href":"https:\/\/www.boswil.com.ar\/index.php?rest_route=\/wp\/v2\/types\/product"}],"replies":[{"embeddable":true,"href":"https:\/\/www.boswil.com.ar\/index.php?rest_route=%2Fwp%2Fv2%2Fcomments&post=158"}],"wp:featuredmedia":[{"embeddable":true,"href":"https:\/\/www.boswil.com.ar\/index.php?rest_route=\/wp\/v2\/media\/161"}],"wp:attachment":[{"href":"https:\/\/www.boswil.com.ar\/index.php?rest_route=%2Fwp%2Fv2%2Fmedia&parent=158"}],"wp:term":[{"taxonomy":"product_brand","embeddable":true,"href":"https:\/\/www.boswil.com.ar\/index.php?rest_route=%2Fwp%2Fv2%2Fproduct_brand&post=158"},{"taxonomy":"product_cat","embeddable":true,"href":"https:\/\/www.boswil.com.ar\/index.php?rest_route=%2Fwp%2Fv2%2Fproduct_cat&post=158"},{"taxonomy":"product_tag","embeddable":true,"href":"https:\/\/www.boswil.com.ar\/index.php?rest_route=%2Fwp%2Fv2%2Fproduct_tag&post=158"}],"curies":[{"name":"wp","href":"https:\/\/api.w.org\/{rel}","templated":true}]}}