{"id":983,"date":"2024-07-16T19:31:49","date_gmt":"2024-07-16T19:31:49","guid":{"rendered":"https:\/\/www.boswil.com.ar\/?post_type=product&#038;p=983"},"modified":"2025-07-14T16:54:01","modified_gmt":"2025-07-14T16:54:01","slug":"mini-range-bag","status":"publish","type":"product","link":"https:\/\/www.boswil.com.ar\/?product=mini-range-bag","title":{"rendered":"Mini Range Bag"},"content":{"rendered":"<p>Este bolso de transporte es ideal para el uso diario. Su tama\u00f1o compacto pero de gran capacidad lo hacen el compa\u00f1ero perfecto de viajes, para cargas leves a moderadas.<br \/>\nSu dise\u00f1o moderno y vers\u00e1til permite que sea apto para todo tipo de usos.<br \/>\nIncluye un sobre al tono, con cierre.<br \/>\nEl Mini Range Bag cuenta con protecci\u00f3n anti impactos, aislaci\u00f3n t\u00e9rmica, gran capacidad interior y variados bolsillos con redes, el\u00e1sticos y hebillas para poder guardar todo el equipo necesario en cada actividad.<\/p>\n","protected":false},"excerpt":{"rendered":"<p>Colores: negro, verde oliva, rojo, gris, coyote, azul + 4 combinaciones<\/p>\n<p><\/p>\n<p>Industria Argentina<\/p>\n","protected":false},"featured_media":1186,"comment_status":"closed","ping_status":"closed","template":"","meta":[],"product_brand":[],"product_cat":[16],"product_tag":[],"class_list":{"0":"post-983","1":"product","2":"type-product","3":"status-publish","4":"has-post-thumbnail","6":"product_cat-transporte","8":"first","9":"instock","10":"shipping-taxable","11":"product-type-simple"},"_links":{"self":[{"href":"https:\/\/www.boswil.com.ar\/index.php?rest_route=\/wp\/v2\/product\/983","targetHints":{"allow":["GET"]}}],"collection":[{"href":"https:\/\/www.boswil.com.ar\/index.php?rest_route=\/wp\/v2\/product"}],"about":[{"href":"https:\/\/www.boswil.com.ar\/index.php?rest_route=\/wp\/v2\/types\/product"}],"replies":[{"embeddable":true,"href":"https:\/\/www.boswil.com.ar\/index.php?rest_route=%2Fwp%2Fv2%2Fcomments&post=983"}],"wp:featuredmedia":[{"embeddable":true,"href":"https:\/\/www.boswil.com.ar\/index.php?rest_route=\/wp\/v2\/media\/1186"}],"wp:attachment":[{"href":"https:\/\/www.boswil.com.ar\/index.php?rest_route=%2Fwp%2Fv2%2Fmedia&parent=983"}],"wp:term":[{"taxonomy":"product_brand","embeddable":true,"href":"https:\/\/www.boswil.com.ar\/index.php?rest_route=%2Fwp%2Fv2%2Fproduct_brand&post=983"},{"taxonomy":"product_cat","embeddable":true,"href":"https:\/\/www.boswil.com.ar\/index.php?rest_route=%2Fwp%2Fv2%2Fproduct_cat&post=983"},{"taxonomy":"product_tag","embeddable":true,"href":"https:\/\/www.boswil.com.ar\/index.php?rest_route=%2Fwp%2Fv2%2Fproduct_tag&post=983"}],"curies":[{"name":"wp","href":"https:\/\/api.w.org\/{rel}","templated":true}]}}